{"id":109,"date":"2015-05-29T18:26:58","date_gmt":"2015-05-29T18:26:58","guid":{"rendered":"http:\/\/lcseguros.com.uy\/2015\/?page_id=109"},"modified":"2016-05-18T14:54:21","modified_gmt":"2016-05-18T14:54:21","slug":"lineas-comerciales","status":"publish","type":"page","link":"https:\/\/lcseguros.com.uy\/2015\/index.php\/seguros\/linea-personal\/lineas-comerciales\/","title":{"rendered":"L\u00edneas Comerciales"},"content":{"rendered":"<p>&nbsp;<\/p>\n<div class=\"pbs-row\">\n<div class=\"pbs-col\">\n<p><img loading=\"lazy\" decoding=\"async\" class=\"aligncenter wp-image-675 size-full\" src=\"http:\/\/lcseguros.com.uy\/2015\/wp-content\/uploads\/2015\/05\/PYMES.jpg\" alt=\"PYMES\" width=\"300\" height=\"270\" \/>Enfocate\u00a0en\u00a0tu negocio sin preocuparte por eventualidades. Proteg\u00e9 la infraestructura del\u00a0local comercial, el\u00a0mobiliario, los productos, y tambi\u00e9n la seguridad de tus empleados.<\/p>\n<ul>\n<li>Todo riesgo<\/li>\n<li>Incendio<\/li>\n<li>Hurto<\/li>\n<li>Asalto de valores en caja<\/li>\n<\/ul>\n<\/div>\n<div class=\"pbs-col\">\n<p><img loading=\"lazy\" decoding=\"async\" class=\"aligncenter wp-image-677 size-full\" src=\"http:\/\/lcseguros.com.uy\/2015\/wp-content\/uploads\/2015\/05\/Forestaci\u00f3n.jpg\" alt=\"Forestaci\u00f3n\" width=\"300\" height=\"270\" \/>Un corto circuito, una distracci\u00f3n, un falla t\u00e9cnica\u00a0puede ocasionar un incendio en cuesti\u00f3n de segundos.<\/p>\n<ul>\n<li>Montes en pie<\/li>\n<li>Viveros forestales<\/li>\n<li>Madera apeada y apilada en el monte.<\/li>\n<\/ul>\n<\/div>\n<div class=\"pbs-col\">\n<p><img loading=\"lazy\" decoding=\"async\" class=\"aligncenter wp-image-598 size-medium\" src=\"http:\/\/lcseguros.com.uy\/2015\/wp-content\/uploads\/2015\/05\/AGRICULTURA-300x270.jpg\" alt=\"AGRICULTURA\" width=\"300\" height=\"270\" \/>Las variables que pueden incidir en el rendimiento de la agricultura, hacen que un seguro sea una soluci\u00f3n ideal para trabajar tranquilo.<\/p>\n<ul>\n<li>Granizo e Incendio.<\/li>\n<li>Heladas<\/li>\n<li>Vientos<\/li>\n<li>Falta de piso<\/li>\n<li>Resiembra<\/li>\n<li>Seguros de rendimiento<\/li>\n<\/ul>\n<p>&nbsp;<\/p>\n<\/div>\n<\/div>\n<div class=\"pbs-row\">\n<div class=\"pbs-col\">\n<p><img loading=\"lazy\" decoding=\"async\" class=\"alignnone wp-image-429 size-medium\" src=\"http:\/\/lcseguros.com.uy\/2015\/wp-content\/uploads\/2015\/07\/grid-industrias-300x270.jpg\" alt=\"grid industrias\" width=\"300\" height=\"270\" \/>Contrat\u00e1 un\u00a0seguro completo y proteg\u00e9\u00a0\u00a0tu industria.<\/p>\n<ul>\n<li>Todo Riesgo<\/li>\n<li>Construcci\u00f3n y Montaje<\/li>\n<li>Incendio y Hurto<\/li>\n<li>Transporte de Valores<\/li>\n<li>Mercader\u00eda y Maquinaria:<\/li>\n<li>Ramos T\u00e9cnicos<\/li>\n<li>Cristales<\/li>\n<li>Empresarial<\/li>\n<li>Crimen\u00a0Inform\u00e1tico:<\/li>\n<\/ul>\n<\/div>\n<div class=\"pbs-col\">\n<p><img loading=\"lazy\" decoding=\"async\" class=\"aligncenter wp-image-427 size-medium\" src=\"http:\/\/lcseguros.com.uy\/2015\/wp-content\/uploads\/2015\/07\/grid_oficinas-300x270.jpg\" alt=\"grid_oficinas\" width=\"300\" height=\"270\" \/>Trabajar tranquilo no tiene comparaci\u00f3n. Despreocupate de cualquier\u00a0imprevisto y asegurate para estar operativo de forma inmediata.<\/p>\n<ul>\n<li>Todo Riesgo<\/li>\n<li>Incendio<\/li>\n<li>Hurto<\/li>\n<li>Accidentes de trabajo y enfermedades profesionales.<\/li>\n<\/ul>\n<\/div>\n<div class=\"pbs-col\">\n<p><img loading=\"lazy\" decoding=\"async\" class=\"aligncenter wp-image-428 size-medium\" src=\"http:\/\/lcseguros.com.uy\/2015\/wp-content\/uploads\/2015\/07\/grid_transporte-de-carga-300x270.jpg\" alt=\"grid_transporte de carga\" width=\"300\" height=\"270\" \/>La flota de veh\u00edculos de su empresa, as\u00ed como el transporte de su mercader\u00eda son eslabones muy importantes de su negocio.<\/p>\n<div id=\"grid-accordion-3\" class=\"grid-accordion ga-horizontal ga-opened\">\n<div class=\"ga-mask\">\n<div class=\"ga-panels\">\n<ul>\n<li class=\"ga-panel\" data-index=\"0\" data-init=\"true\">\u00a0Todo Riesgo<\/li>\n<li>Mercader\u00eda<\/li>\n<li>Importaci\u00f3n<\/li>\n<li>Exportaci\u00f3n<\/li>\n<li>Transito Interno: mar\u00edtimo\/terrestre\/a\u00e9reo<\/li>\n<\/ul>\n<\/div>\n<\/div>\n<\/div>\n<\/div>\n<\/div>\n<p><script>\/\/ <![CDATA[\n  (function(i,s,o,g,r,a,m){i['GoogleAnalyticsObject']=r;i[r]=i[r]||function(){\n  (i[r].q=i[r].q||[]).push(arguments)},i[r].l=1*new Date();a=s.createElement(o),\n  m=s.getElementsByTagName(o)[0];a.async=1;a.src=g;m.parentNode.insertBefore(a,m)\n  })(window,document,'script','\/\/www.google-analytics.com\/analytics.js','ga');\n\n  ga('create', 'UA-68290162-1', 'auto');\n  ga('send', 'pageview');\n\/\/ ]]><\/script><\/p>\n","protected":false},"excerpt":{"rendered":"<p>&nbsp; Enfocate\u00a0en\u00a0tu negocio sin preocuparte por eventualidades. Proteg\u00e9 la infraestructura del\u00a0local comercial, el\u00a0mobiliario, los productos, y tambi\u00e9n la seguridad de tus empleados. Todo riesgo Incendio Hurto Asalto de valores en caja Un corto circuito, una distracci\u00f3n, un falla t\u00e9cnica\u00a0puede ocasionar un incendio en cuesti\u00f3n de segundos. Montes en pie Viveros forestales Madera apeada y apilada <span class=\"more-link\"><a href=\"https:\/\/lcseguros.com.uy\/2015\/index.php\/seguros\/linea-personal\/lineas-comerciales\/\" rel=\"nofollow\">Read More<\/a><\/span><\/p>\n","protected":false},"author":1,"featured_media":0,"parent":38,"menu_order":0,"comment_status":"open","ping_status":"open","template":"","meta":{"wpupg_custom_link":[],"wpupg_custom_link_behaviour":[],"wpupg_custom_link_nofollow":[],"wpupg_custom_image":[],"wpupg_custom_image_id":[],"_exactmetrics_skip_tracking":false,"_exactmetrics_sitenote_active":false,"_exactmetrics_sitenote_note":"","_exactmetrics_sitenote_category":0,"footnotes":""},"class_list":{"0":"post-109","1":"page","2":"type-page","3":"status-publish","5":"entry"},"_links":{"self":[{"href":"https:\/\/lcseguros.com.uy\/2015\/index.php\/wp-json\/wp\/v2\/pages\/109","targetHints":{"allow":["GET"]}}],"collection":[{"href":"https:\/\/lcseguros.com.uy\/2015\/index.php\/wp-json\/wp\/v2\/pages"}],"about":[{"href":"https:\/\/lcseguros.com.uy\/2015\/index.php\/wp-json\/wp\/v2\/types\/page"}],"author":[{"embeddable":true,"href":"https:\/\/lcseguros.com.uy\/2015\/index.php\/wp-json\/wp\/v2\/users\/1"}],"replies":[{"embeddable":true,"href":"https:\/\/lcseguros.com.uy\/2015\/index.php\/wp-json\/wp\/v2\/comments?post=109"}],"version-history":[{"count":53,"href":"https:\/\/lcseguros.com.uy\/2015\/index.php\/wp-json\/wp\/v2\/pages\/109\/revisions"}],"predecessor-version":[{"id":1042,"href":"https:\/\/lcseguros.com.uy\/2015\/index.php\/wp-json\/wp\/v2\/pages\/109\/revisions\/1042"}],"up":[{"embeddable":true,"href":"https:\/\/lcseguros.com.uy\/2015\/index.php\/wp-json\/wp\/v2\/pages\/38"}],"wp:attachment":[{"href":"https:\/\/lcseguros.com.uy\/2015\/index.php\/wp-json\/wp\/v2\/media?parent=109"}],"curies":[{"name":"wp","href":"https:\/\/api.w.org\/{rel}","templated":true}]}}