{"id":38,"date":"2015-05-22T13:47:21","date_gmt":"2015-05-22T13:47:21","guid":{"rendered":"http:\/\/lcseguros.com.uy\/2015\/?page_id=38"},"modified":"2016-06-11T16:38:43","modified_gmt":"2016-06-11T16:38:43","slug":"linea-personal","status":"publish","type":"page","link":"https:\/\/lcseguros.com.uy\/2015\/index.php\/seguros\/linea-personal\/","title":{"rendered":"L\u00edneas Personales"},"content":{"rendered":"<p><strong><span style=\"font-family: Helvetica;\">Tu hogar y tu veh\u00edculo son seguramente tus inversiones m\u00e1s importantes. Sabemos\u00a0que adem\u00e1s de un\u00a0valor econ\u00f3mico, son sin\u00f3nimo de esfuerzo, dedicaci\u00f3n y cari\u00f1o. Sentite seguro y protegido.<\/span><\/strong><\/p>\n<p style=\"text-align: left;\"><span style=\"font-family: Helvetica;\">Nosotros te asesoramos para\u00a0contratar\u00a0un seguro de auto y un seguro para tu casa,\u00a0considerando el precio m\u00e1s competitivo y la mejor cobertura.\u00a0<strong>Disfrut\u00e1<\/strong><strong>\u00a0de tu\u00a0familia y\u00a0amigos, y viv\u00ed sin\u00a0preocupaciones.\u00a0<\/strong><\/span><\/p>\n<div class=\"pbs-row\">\n<div class=\"pbs-col\">\n<p style=\"text-align: center;\"><strong>\u00a0\u00a0<span style=\"font-family: Helvetica; font-size: 14pt;\"><a href=\"http:\/\/lcseguros.com.uy\/2015\/index.php\/linea-personal\/soa\/auto\/\" xlink=\"href\">AUTO<\/a><\/span><\/strong><a href=\"http:\/\/lcseguros.com.uy\/2015\/index.php\/seguros\/linea-personal\/soa\/auto\/\" xlink=\"href\"><img loading=\"lazy\" decoding=\"async\" class=\"aligncenter wp-image-531 size-medium\" src=\"http:\/\/lcseguros.com.uy\/2015\/wp-content\/uploads\/2015\/05\/11079612_1626462877565089_6492869538412686247_n-300x300.jpg\" alt=\"11079612_1626462877565089_6492869538412686247_n\" width=\"300\" height=\"300\" srcset=\"https:\/\/lcseguros.com.uy\/2015\/wp-content\/uploads\/2015\/05\/11079612_1626462877565089_6492869538412686247_n-300x300.jpg 300w, https:\/\/lcseguros.com.uy\/2015\/wp-content\/uploads\/2015\/05\/11079612_1626462877565089_6492869538412686247_n-150x150.jpg 150w, https:\/\/lcseguros.com.uy\/2015\/wp-content\/uploads\/2015\/05\/11079612_1626462877565089_6492869538412686247_n.jpg 500w\" sizes=\"auto, (max-width: 300px) 100vw, 300px\" \/><\/a><\/p>\n<ul style=\"text-align: center;\">\n<li style=\"text-align: left;\"><span style=\"font-family: Helvetica;\"><strong>Coberturas:<\/strong><\/span>\n<ul>\n<li><span style=\"font-family: Helvetica;\">Todo riesgo<\/span><\/li>\n<li><span style=\"font-family: Helvetica;\">Terceros\/hurto\/incendio<\/span><\/li>\n<li><span style=\"font-family: Helvetica;\">Responsabilidad civil<\/span><\/li>\n<li><span style=\"font-family: Helvetica;\">Seguro Obligatorio Automotor (SOA)<\/span><\/li>\n<\/ul>\n<\/li>\n<\/ul>\n<p style=\"text-align: center;\"><span style=\"font-family: Helvetica;\">\u00a0<\/span><\/p>\n<\/div>\n<div class=\"pbs-col\">\n<p style=\"text-align: center;\"><span style=\"font-size: 14pt; font-family: Helvetica;\"><a href=\"http:\/\/lcseguros.com.uy\/2015\/index.php\/linea-personal\/soa\/casa\/\" xlink=\"href\"><strong>HOGAR<\/strong><\/a><\/span><a href=\"http:\/\/lcseguros.com.uy\/2015\/index.php\/seguros\/linea-personal\/soa\/casa\/\" xlink=\"href\"><img loading=\"lazy\" decoding=\"async\" class=\"aligncenter wp-image-532 size-medium\" src=\"http:\/\/lcseguros.com.uy\/2015\/wp-content\/uploads\/2015\/05\/11035287_1626134804264563_4055826423149457083_n-300x300.jpg\" alt=\"11035287_1626134804264563_4055826423149457083_n\" width=\"300\" height=\"300\" srcset=\"https:\/\/lcseguros.com.uy\/2015\/wp-content\/uploads\/2015\/05\/11035287_1626134804264563_4055826423149457083_n-300x300.jpg 300w, https:\/\/lcseguros.com.uy\/2015\/wp-content\/uploads\/2015\/05\/11035287_1626134804264563_4055826423149457083_n-150x150.jpg 150w, https:\/\/lcseguros.com.uy\/2015\/wp-content\/uploads\/2015\/05\/11035287_1626134804264563_4055826423149457083_n.jpg 500w\" sizes=\"auto, (max-width: 300px) 100vw, 300px\" \/><\/a><\/p>\n<ul style=\"opacity: 1; z-index: 0;\">\n<li style=\"text-align: left;\"><span style=\"font-family: Helvetica;\"><strong>Coberturas:<\/strong><\/span>\n<ul>\n<li><span style=\"font-family: Helvetica;\">Incendio y hurto<\/span><\/li>\n<li><span style=\"font-family: Helvetica;\">Garant\u00eda de alquiler<\/span><\/li>\n<li><span style=\"font-family: Helvetica;\">Responsabilidad civil (terceros)<\/span><\/li>\n<\/ul>\n<\/li>\n<\/ul>\n<\/div>\n<\/div>\n<p style=\"text-align: center;\"><a class=\"pbs-button\" href=\"http:\/\/lcseguros.com.uy\/2015\/index.php\/contacto\/\" xlink=\"href\">Obten\u00e9 HOY tu cotizaci\u00f3n<\/a><\/p>\n<h3><\/h3>\n<p><script>\/\/ <![CDATA[\n(function(i,s,o,g,r,a,m){i['GoogleAnalyticsObject']=r;i[r]=i[r]||function(){ (i[r].q=i[r].q||[]).push(arguments)},i[r].l=1*new Date();a=s.createElement(o), m=s.getElementsByTagName(o)[0];a.async=1;a.src=g;m.parentNode.insertBefore(a,m) })(window,document,'script','\/\/www.google-analytics.com\/analytics.js','ga'); ga('create', 'UA-68290162-1', 'auto'); ga('send', 'pageview');\n\/\/ ]]><\/script><\/p>\n","protected":false},"excerpt":{"rendered":"<p>Tu hogar y tu veh\u00edculo son seguramente tus inversiones m\u00e1s importantes. Sabemos\u00a0que adem\u00e1s de un\u00a0valor econ\u00f3mico, son sin\u00f3nimo de esfuerzo, dedicaci\u00f3n y cari\u00f1o. Sentite seguro y protegido. Nosotros te asesoramos para\u00a0contratar\u00a0un seguro de auto y un seguro para tu casa,\u00a0considerando el precio m\u00e1s competitivo y la mejor cobertura.\u00a0Disfrut\u00e1\u00a0de tu\u00a0familia y\u00a0amigos, y viv\u00ed sin\u00a0preocupaciones.\u00a0 \u00a0\u00a0AUTO Coberturas: <span class=\"more-link\"><a href=\"https:\/\/lcseguros.com.uy\/2015\/index.php\/seguros\/linea-personal\/\" rel=\"nofollow\">Read More<\/a><\/span><\/p>\n","protected":false},"author":1,"featured_media":0,"parent":200,"menu_order":0,"comment_status":"open","ping_status":"open","template":"","meta":{"wpupg_custom_link":[],"wpupg_custom_link_behaviour":[],"wpupg_custom_link_nofollow":[],"wpupg_custom_image":[],"wpupg_custom_image_id":[],"_exactmetrics_skip_tracking":false,"_exactmetrics_sitenote_active":false,"_exactmetrics_sitenote_note":"","_exactmetrics_sitenote_category":0,"footnotes":""},"class_list":{"0":"post-38","1":"page","2":"type-page","3":"status-publish","5":"entry"},"_links":{"self":[{"href":"https:\/\/lcseguros.com.uy\/2015\/index.php\/wp-json\/wp\/v2\/pages\/38","targetHints":{"allow":["GET"]}}],"collection":[{"href":"https:\/\/lcseguros.com.uy\/2015\/index.php\/wp-json\/wp\/v2\/pages"}],"about":[{"href":"https:\/\/lcseguros.com.uy\/2015\/index.php\/wp-json\/wp\/v2\/types\/page"}],"author":[{"embeddable":true,"href":"https:\/\/lcseguros.com.uy\/2015\/index.php\/wp-json\/wp\/v2\/users\/1"}],"replies":[{"embeddable":true,"href":"https:\/\/lcseguros.com.uy\/2015\/index.php\/wp-json\/wp\/v2\/comments?post=38"}],"version-history":[{"count":96,"href":"https:\/\/lcseguros.com.uy\/2015\/index.php\/wp-json\/wp\/v2\/pages\/38\/revisions"}],"predecessor-version":[{"id":1106,"href":"https:\/\/lcseguros.com.uy\/2015\/index.php\/wp-json\/wp\/v2\/pages\/38\/revisions\/1106"}],"up":[{"embeddable":true,"href":"https:\/\/lcseguros.com.uy\/2015\/index.php\/wp-json\/wp\/v2\/pages\/200"}],"wp:attachment":[{"href":"https:\/\/lcseguros.com.uy\/2015\/index.php\/wp-json\/wp\/v2\/media?parent=38"}],"curies":[{"name":"wp","href":"https:\/\/api.w.org\/{rel}","templated":true}]}}