{"id":40,"date":"2015-05-22T13:48:02","date_gmt":"2015-05-22T13:48:02","guid":{"rendered":"http:\/\/lcseguros.com.uy\/2015\/?page_id=40"},"modified":"2016-05-18T14:54:21","modified_gmt":"2016-05-18T14:54:21","slug":"hogar","status":"publish","type":"page","link":"https:\/\/lcseguros.com.uy\/2015\/index.php\/seguros\/hogar\/","title":{"rendered":"Viajes y Vida"},"content":{"rendered":"<div class=\"pbs-row\">\n<div class=\"pbs-col\">\n<p><img loading=\"lazy\" decoding=\"async\" class=\"aligncenter wp-image-587 size-medium\" src=\"http:\/\/lcseguros.com.uy\/2015\/wp-content\/uploads\/2015\/05\/11745704_1666618490216194_1052347044820890090_n-300x300.jpg\" alt=\"11745704_1666618490216194_1052347044820890090_n\" width=\"300\" height=\"300\" srcset=\"https:\/\/lcseguros.com.uy\/2015\/wp-content\/uploads\/2015\/05\/11745704_1666618490216194_1052347044820890090_n-300x300.jpg 300w, https:\/\/lcseguros.com.uy\/2015\/wp-content\/uploads\/2015\/05\/11745704_1666618490216194_1052347044820890090_n-150x150.jpg 150w, https:\/\/lcseguros.com.uy\/2015\/wp-content\/uploads\/2015\/05\/11745704_1666618490216194_1052347044820890090_n.jpg 500w\" sizes=\"auto, (max-width: 300px) 100vw, 300px\" \/><\/p>\n<h4 style=\"text-align: center;\"><strong><span style=\"font-family: Helvetica;\">SEGURO DE VIAJES<\/span><\/strong><\/h4>\n<p style=\"text-align: left;\"><span style=\"font-family: Helvetica;\">Viajar es\u00a0sin\u00f3nimo de disfrutar. Conocer nuevos destinos, pasear, recorrer, descubrir\u00a0otras culturas, descansar y despreocuparse.\u00a0<\/span><\/p>\n<p style=\"text-align: left;\"><span style=\"font-family: Helvetica;\">Un seguro de viaje es una inversi\u00f3n y una buena decisi\u00f3n. Ante cualquier obst\u00e1culo o imprevisto, la soluci\u00f3n a trav\u00e9s de una\u00a0llamada telef\u00f3nica\u00a0<\/span><\/p>\n<p style=\"text-align: left;\"><strong><span style=\"font-family: Helvetica;\">Coberturas:<\/span><\/strong><\/p>\n<\/p>\n<ul>\n<li style=\"text-align: left;\"><strong><span style=\"font-family: Helvetica;\">Asistencia al viajero\u00a0TOTAL: <\/span><\/strong><span style=\"font-family: Helvetica;\">Dise\u00f1e su propio seguro y viaje tranquilo!<\/span><\/li>\n<li style=\"text-align: left;\"><strong><span style=\"font-family: Helvetica;\">Seguro de viaje por\u00a0ESTUDIOS:\u00a0<\/span><\/strong><span style=\"font-family: Helvetica;\">Especialmente dise\u00f1ado para viajes de verano, formaci\u00f3n, idiomas<\/span><\/li>\n<li style=\"text-align: left;\"><strong><span style=\"font-family: Helvetica;\">Seguro de viaje AVENTURA: <\/span><\/strong><span style=\"font-family: Helvetica;\">\u00bfEsqu\u00ed, \u00bfSnowboard? Safari? \u00bfCu\u00e1l es tu aventura?\u00a0<\/span><\/li>\n<li style=\"text-align: left;\"><strong><span style=\"font-family: Helvetica;\">Seguro de viaje CANCELACI\u00d3N:<\/span><\/strong><span style=\"font-family: Helvetica;\"> Cubre los gastos de tener que cancelar un viaje ya contratado.<\/span><\/li>\n<\/ul>\n<p style=\"text-align: center\"><a href=\"http:\/\/lcseguros.com.uy\/2015\/?p=665\" class=\"pbs-button\">\u00bfTe vas de viaje? Contrat\u00e1 tu seguro HOY<\/a><\/p>\n<\/p>\n<\/div>\n<div class=\"pbs-col\">\n<p><span style=\"font-family: Helvetica;\"><img loading=\"lazy\" decoding=\"async\" class=\"aligncenter wp-image-570 size-medium\" src=\"http:\/\/lcseguros.com.uy\/2015\/wp-content\/uploads\/2015\/05\/dermatologo-300x300.jpg\" alt=\"dermatologo\" width=\"300\" height=\"300\" srcset=\"https:\/\/lcseguros.com.uy\/2015\/wp-content\/uploads\/2015\/05\/dermatologo-300x300.jpg 300w, https:\/\/lcseguros.com.uy\/2015\/wp-content\/uploads\/2015\/05\/dermatologo-150x150.jpg 150w, https:\/\/lcseguros.com.uy\/2015\/wp-content\/uploads\/2015\/05\/dermatologo.jpg 403w\" sizes=\"auto, (max-width: 300px) 100vw, 300px\" \/><\/span><\/p>\n<h4 style=\"text-align: center;\"><strong><span style=\"font-family: Helvetica;\">SEGURO DE VIDA<\/span><\/strong><\/h4>\n<p><span style=\"font-family: Helvetica;\">Vivir el presente tambi\u00e9n implica mirar hacia el futuro con responsabilidad. <\/span><\/p>\n<p><span style=\"font-family: Helvetica;\">Un seguro de vida es de las cosas m\u00e1s importantes que podes hacer por tus seres queridos para cuando ya no est\u00e9s. <\/span><span style=\"font-family: Helvetica;\">Viv\u00ed el presente,\u00a0con tranquilidad\u00a0interior.\u00a0<\/span><\/p>\n<p><strong><span style=\"font-family: Helvetica;\">Coberturas:<\/span><\/strong><\/p>\n<ul style=\"opacity: 1; z-index: 0;\">\n<li><span style=\"font-family: Helvetica;\"><strong>Vida Entera: <\/strong>Un seguro total que cubre el fallecimiento por cualquier causa.<\/span><\/li>\n<li><span style=\"font-family: Helvetica;\"><strong>Con Rescate:<\/strong>\u00a0Una opci\u00f3n que\u00a0cubre una doble previsi\u00f3n: el fallecimiento prematuro y\u00a0el cobro en vida del capital asegurado.<\/span><\/li>\n<li><span style=\"font-family: Helvetica;\"><strong>Accidentes Personales:<\/strong>\u00a0Ideal para las empresas que desean proteger a sus\u00a0trabajadores en el desempe\u00f1o de su actividad laboral como en su vida privada.\u00a0<\/span><\/li>\n<\/ul>\n<p>&nbsp;<\/p>\n<p><p style=\"text-align: center\"><a href=\"http:\/\/lcseguros.com.uy\/2015\/index.php\/contacto\/\" class=\"pbs-button\">\u00a1Consult\u00e1 la mejor opci\u00f3n para vos!<\/a><\/p>\n<\/p>\n<\/div>\n<\/div>\n<p><script>\n  (function(i,s,o,g,r,a,m){i['GoogleAnalyticsObject']=r;i[r]=i[r]||function(){\n  (i[r].q=i[r].q||[]).push(arguments)},i[r].l=1*new Date();a=s.createElement(o),\n  m=s.getElementsByTagName(o)[0];a.async=1;a.src=g;m.parentNode.insertBefore(a,m)\n  })(window,document,'script','\/\/www.google-analytics.com\/analytics.js','ga');<\/p>\n<p>  ga('create', 'UA-68290162-1', 'auto');\n  ga('send', 'pageview');<\/p>\n<p><\/script><\/p>\n","protected":false},"excerpt":{"rendered":"<p>SEGURO DE VIAJES Viajar es\u00a0sin\u00f3nimo de disfrutar. Conocer nuevos destinos, pasear, recorrer, descubrir\u00a0otras culturas, descansar y despreocuparse.\u00a0 Un seguro de viaje es una inversi\u00f3n y una buena decisi\u00f3n. Ante cualquier obst\u00e1culo o imprevisto, la soluci\u00f3n a trav\u00e9s de una\u00a0llamada telef\u00f3nica\u00a0 Coberturas: Asistencia al viajero\u00a0TOTAL: Dise\u00f1e su propio seguro y viaje tranquilo! Seguro de viaje por\u00a0ESTUDIOS:\u00a0Especialmente <span class=\"more-link\"><a href=\"https:\/\/lcseguros.com.uy\/2015\/index.php\/seguros\/hogar\/\" rel=\"nofollow\">Read More<\/a><\/span><\/p>\n","protected":false},"author":1,"featured_media":0,"parent":200,"menu_order":0,"comment_status":"open","ping_status":"open","template":"","meta":{"wpupg_custom_link":[],"wpupg_custom_link_behaviour":["default"],"wpupg_custom_link_nofollow":[],"wpupg_custom_image":[],"wpupg_custom_image_id":[],"_exactmetrics_skip_tracking":false,"_exactmetrics_sitenote_active":false,"_exactmetrics_sitenote_note":"","_exactmetrics_sitenote_category":0,"footnotes":""},"class_list":{"0":"post-40","1":"page","2":"type-page","3":"status-publish","5":"entry"},"_links":{"self":[{"href":"https:\/\/lcseguros.com.uy\/2015\/index.php\/wp-json\/wp\/v2\/pages\/40","targetHints":{"allow":["GET"]}}],"collection":[{"href":"https:\/\/lcseguros.com.uy\/2015\/index.php\/wp-json\/wp\/v2\/pages"}],"about":[{"href":"https:\/\/lcseguros.com.uy\/2015\/index.php\/wp-json\/wp\/v2\/types\/page"}],"author":[{"embeddable":true,"href":"https:\/\/lcseguros.com.uy\/2015\/index.php\/wp-json\/wp\/v2\/users\/1"}],"replies":[{"embeddable":true,"href":"https:\/\/lcseguros.com.uy\/2015\/index.php\/wp-json\/wp\/v2\/comments?post=40"}],"version-history":[{"count":53,"href":"https:\/\/lcseguros.com.uy\/2015\/index.php\/wp-json\/wp\/v2\/pages\/40\/revisions"}],"predecessor-version":[{"id":90,"href":"https:\/\/lcseguros.com.uy\/2015\/index.php\/wp-json\/wp\/v2\/pages\/40\/revisions\/90"}],"up":[{"embeddable":true,"href":"https:\/\/lcseguros.com.uy\/2015\/index.php\/wp-json\/wp\/v2\/pages\/200"}],"wp:attachment":[{"href":"https:\/\/lcseguros.com.uy\/2015\/index.php\/wp-json\/wp\/v2\/media?parent=40"}],"curies":[{"name":"wp","href":"https:\/\/api.w.org\/{rel}","templated":true}]}}