{"id":404,"date":"2015-07-12T05:29:13","date_gmt":"2015-07-12T05:29:13","guid":{"rendered":"http:\/\/lcseguros.com.uy\/2015\/?page_id=404"},"modified":"2015-10-03T00:41:51","modified_gmt":"2015-10-03T00:41:51","slug":"soa","status":"publish","type":"page","link":"https:\/\/lcseguros.com.uy\/2015\/index.php\/seguros\/linea-personal\/soa\/","title":{"rendered":"SOA"},"content":{"rendered":"<p><b>Seguro Obligatorio de Autom\u00f3viles (SOA)<\/b><\/p>\n<p>La Ley 18.412 cre\u00f3 un seguro obligatorio de automoviles (SOA) que cubre los da\u00f1os personales de lesi\u00f3n o muerte sufrido por una persona, como consecuencia de un accidente causado por\u00a0 un veh\u00edculo automotor o acoplados remolcados. Este seguro es obligatorio para todos aquellos que circulen en veh\u00edculos automotores y acoplados remolcados.<\/p>\n<p><b>Definici\u00f3n:\u00a0<\/b>De acuerdo a esta Ley, accidente se considera todo hecho del cual resulta un da\u00f1o personal, de lesi\u00f3n o muerte, sufrido por un tercero, determinado en forma cierta, a\u00fan en los supuestos de caso fortuito o fuerza mayor.<\/p>\n<p><b>Da\u00f1os cubiertos:\u00a0<\/b>Recuerde el seguro SOA SOLAMENTE cubre da\u00f1os personales no da\u00f1os al veh\u00edculo.<\/p>\n<p><b>Coberturas especiales:\u00a0<\/b>Existe\u00a0 cobertura especial cuando una persona\u00a0 haya sufrido da\u00f1os personales como consecuencia de un siniestro y se den alguna de las siguientes situaciones:<\/p>\n<p>\u2022\u00a0intervino un veh\u00edculo que, incumpliendo la obligatoriedad de contar con seguro,\u00a0 carezca de \u00e9l,<\/p>\n<p>\u2022\u00a0no se haya podido identificar al mismo responsable del siniestro (huida del conductor), o<\/p>\n<p>\u2022\u00a0que el veh\u00edculo haya sido robado u obtenido con violencia,<\/p>\n<p>&nbsp;<\/p>\n<p>&nbsp;<\/p>\n<p>&nbsp;<\/p>\n<p><b>Recuerde: Ud. tiene dos a\u00f1os a partir de la fecha de siniestro, para presentar su reclamo cubierto por el Seguro SOA incluyendo los casos especiales.<\/b><\/p>\n<p>[pbs_button label=\u00bbSolicitar ahora\u00bb url=\u00bbhttp:\/\/lcseguros.com.uy\/2015\/index.php\/contacto\/\u00bb target=\u00bbfalse\u00bb align=\u00bbcenter\u00bb full_width=\u00bbtrue\u00bb]<\/p>\n<p style=\"text-align: right;\"><strong><a href=\"http:\/\/lcseguros.com.uy\/2015\/index.php\/seguros\/linea-personal\/\"><\/a><a href=\"http:\/\/lcseguros.com.uy\/2015\/index.php\/seguros\/linea-personal\/\">Volver&gt;&gt;<\/a><\/strong><\/p>\n<p><script>\n  (function(i,s,o,g,r,a,m){i['GoogleAnalyticsObject']=r;i[r]=i[r]||function(){\n  (i[r].q=i[r].q||[]).push(arguments)},i[r].l=1*new Date();a=s.createElement(o),\n  m=s.getElementsByTagName(o)[0];a.async=1;a.src=g;m.parentNode.insertBefore(a,m)\n  })(window,document,'script','\/\/www.google-analytics.com\/analytics.js','ga');<\/p>\n<p>  ga('create', 'UA-68290162-1', 'auto');\n  ga('send', 'pageview');<\/p>\n<p><\/script><\/p>\n","protected":false},"excerpt":{"rendered":"<p>Seguro Obligatorio de Autom\u00f3viles (SOA) La Ley 18.412 cre\u00f3 un seguro obligatorio de automoviles (SOA) que cubre los da\u00f1os personales de lesi\u00f3n o muerte sufrido por una persona, como consecuencia de un accidente causado por\u00a0 un veh\u00edculo automotor o acoplados remolcados. Este seguro es obligatorio para todos aquellos que circulen en veh\u00edculos automotores y acoplados <span class=\"more-link\"><a href=\"https:\/\/lcseguros.com.uy\/2015\/index.php\/seguros\/linea-personal\/soa\/\" rel=\"nofollow\">Read More<\/a><\/span><\/p>\n","protected":false},"author":1,"featured_media":0,"parent":38,"menu_order":0,"comment_status":"open","ping_status":"open","template":"","meta":{"wpupg_custom_link":[],"wpupg_custom_link_behaviour":[],"wpupg_custom_link_nofollow":[],"wpupg_custom_image":[],"wpupg_custom_image_id":[],"_exactmetrics_skip_tracking":false,"_exactmetrics_sitenote_active":false,"_exactmetrics_sitenote_note":"","_exactmetrics_sitenote_category":0,"footnotes":""},"class_list":{"0":"post-404","1":"page","2":"type-page","3":"status-publish","5":"entry"},"_links":{"self":[{"href":"https:\/\/lcseguros.com.uy\/2015\/index.php\/wp-json\/wp\/v2\/pages\/404","targetHints":{"allow":["GET"]}}],"collection":[{"href":"https:\/\/lcseguros.com.uy\/2015\/index.php\/wp-json\/wp\/v2\/pages"}],"about":[{"href":"https:\/\/lcseguros.com.uy\/2015\/index.php\/wp-json\/wp\/v2\/types\/page"}],"author":[{"embeddable":true,"href":"https:\/\/lcseguros.com.uy\/2015\/index.php\/wp-json\/wp\/v2\/users\/1"}],"replies":[{"embeddable":true,"href":"https:\/\/lcseguros.com.uy\/2015\/index.php\/wp-json\/wp\/v2\/comments?post=404"}],"version-history":[{"count":6,"href":"https:\/\/lcseguros.com.uy\/2015\/index.php\/wp-json\/wp\/v2\/pages\/404\/revisions"}],"predecessor-version":[{"id":879,"href":"https:\/\/lcseguros.com.uy\/2015\/index.php\/wp-json\/wp\/v2\/pages\/404\/revisions\/879"}],"up":[{"embeddable":true,"href":"https:\/\/lcseguros.com.uy\/2015\/index.php\/wp-json\/wp\/v2\/pages\/38"}],"wp:attachment":[{"href":"https:\/\/lcseguros.com.uy\/2015\/index.php\/wp-json\/wp\/v2\/media?parent=404"}],"curies":[{"name":"wp","href":"https:\/\/api.w.org\/{rel}","templated":true}]}}