{"id":406,"date":"2015-07-16T00:50:49","date_gmt":"2015-07-16T00:50:49","guid":{"rendered":"http:\/\/lcseguros.com.uy\/2015\/?page_id=406"},"modified":"2016-05-18T14:54:22","modified_gmt":"2016-05-18T14:54:22","slug":"auto","status":"publish","type":"page","link":"https:\/\/lcseguros.com.uy\/2015\/index.php\/seguros\/linea-personal\/soa\/auto\/","title":{"rendered":"AUTO"},"content":{"rendered":"<p><a href=\"http:\/\/lcseguros.com.uy\/2015\/wp-content\/uploads\/2015\/07\/seguro-de-auto.jpg\"><img loading=\"lazy\" decoding=\"async\" class=\"aligncenter size-full wp-image-459\" src=\"http:\/\/lcseguros.com.uy\/2015\/wp-content\/uploads\/2015\/07\/seguro-de-auto.jpg\" alt=\"seguro de auto\" width=\"760\" height=\"200\" srcset=\"https:\/\/lcseguros.com.uy\/2015\/wp-content\/uploads\/2015\/07\/seguro-de-auto.jpg 760w, https:\/\/lcseguros.com.uy\/2015\/wp-content\/uploads\/2015\/07\/seguro-de-auto-300x79.jpg 300w\" sizes=\"auto, (max-width: 760px) 100vw, 760px\" \/><\/a><\/p>\n<p>Asegurar tu auto en nuestro pa\u00eds es <strong>obligatorio<\/strong>.<\/p>\n<p><span style=\"line-height: 1.5;\">Adem\u00e1s del <strong>Seguro Obligatorio Automotor (SOA)<\/strong>, podes elegir entre distintas coberturas que podr\u00e1n cubrir tu propio veh\u00edculo, los da\u00f1os a un tercero, hurto o incendio, y las consecuencias de una responsabilidad civil.\u00a0<\/span><\/p>\n<ul>\n<li><strong>COBERTURAS<\/strong><\/li>\n<\/ul>\n<div class=\"pbs-row\">\n<div class=\"pbs-col\">\n<p style=\"text-align: center;\"><strong>Todo Riesgo\u00a0<\/strong><\/p>\n<p style=\"text-align: left;\"><a href=\"http:\/\/lcseguros.com.uy\/2015\/wp-content\/uploads\/2015\/07\/terceros.jpg\"><img loading=\"lazy\" decoding=\"async\" class=\"aligncenter size-full wp-image-573\" src=\"http:\/\/lcseguros.com.uy\/2015\/wp-content\/uploads\/2015\/07\/terceros.jpg\" alt=\"terceros\" width=\"200\" height=\"80\" \/><\/a>Contratar un seguro de todo riesgo es lo m\u00e1s recomendable para estar cubierto ante cualquier eventualidad.<\/p>\n<p style=\"text-align: left;\">Nada de que preocuparse. Todo est\u00e1 bajo control.<\/p>\n<\/div>\n<div class=\"pbs-col\">\n<p style=\"text-align: center;\"><strong>Terceros\/hurto\/incendio<\/strong><\/p>\n<p style=\"text-align: left;\"><a href=\"http:\/\/lcseguros.com.uy\/2015\/wp-content\/uploads\/2015\/07\/hurto.jpg\"><img loading=\"lazy\" decoding=\"async\" class=\"aligncenter size-full wp-image-574\" src=\"http:\/\/lcseguros.com.uy\/2015\/wp-content\/uploads\/2015\/07\/hurto.jpg\" alt=\"hurto\" width=\"200\" height=\"80\" \/><\/a>Esta contrataci\u00f3n\u00a0protege tu auto de da\u00f1os provocados por terceros, por hurto e incendio.<\/p>\n<p style=\"text-align: left;\">Una opci\u00f3n para solucionar\u00a0lo que muchas veces escapa a nuestras manos.<\/p>\n<\/div>\n<div class=\"pbs-col\">\n<p style=\"text-align: center;\"><strong>Responsabilidad Civil\u00a0<\/strong><\/p>\n<p style=\"text-align: left;\"><a href=\"http:\/\/lcseguros.com.uy\/2015\/wp-content\/uploads\/2015\/07\/responsabilidad-civil.jpg\"><img loading=\"lazy\" decoding=\"async\" class=\"aligncenter size-full wp-image-575\" src=\"http:\/\/lcseguros.com.uy\/2015\/wp-content\/uploads\/2015\/07\/responsabilidad-civil.jpg\" alt=\"responsabilidad civil\" width=\"200\" height=\"80\" \/><\/a>El tr\u00e1nsito urbano es cada vez m\u00e1s peligroso. En nuestro pa\u00eds tenemos un alta tasa de mortalidad por accidentes de tr\u00e1nsito.<\/p>\n<p style=\"text-align: left;\">Asesorate para estar protegido.<\/p>\n<\/div>\n<\/div>\n<p style=\"text-align: center;\"><strong>Te ayudamos a elegir la mejor opci\u00f3n para tu auto siempre\u00a0con la mejor cotizaci\u00f3n <\/strong><strong>y a con el respaldo\u00a0de las Compa\u00f1\u00edas m\u00e1s importantes de nuestro pa\u00eds.<\/strong><\/p>\n<p style=\"text-align: center\"><a href=\"http:\/\/lcseguros.com.uy\/2015\/index.php\/contacto\/\" class=\"pbs-button\">\u00a1CONTACTANOS!<\/a><\/p>\n<p style=\"text-align: right;\"><a href=\"http:\/\/lcseguros.com.uy\/2015\/index.php\/seguros\/linea-personal\/\">Volver&gt;&gt;<\/a><\/p>\n<p><script>\n  (function(i,s,o,g,r,a,m){i['GoogleAnalyticsObject']=r;i[r]=i[r]||function(){\n  (i[r].q=i[r].q||[]).push(arguments)},i[r].l=1*new Date();a=s.createElement(o),\n  m=s.getElementsByTagName(o)[0];a.async=1;a.src=g;m.parentNode.insertBefore(a,m)\n  })(window,document,'script','\/\/www.google-analytics.com\/analytics.js','ga');<\/p>\n<p>  ga('create', 'UA-68290162-1', 'auto');\n  ga('send', 'pageview');<\/p>\n<p><\/script><\/p>\n","protected":false},"excerpt":{"rendered":"<p>Asegurar tu auto en nuestro pa\u00eds es obligatorio. Adem\u00e1s del Seguro Obligatorio Automotor (SOA), podes elegir entre distintas coberturas que podr\u00e1n cubrir tu propio veh\u00edculo, los da\u00f1os a un tercero, hurto o incendio, y las consecuencias de una responsabilidad civil.\u00a0 COBERTURAS Todo Riesgo\u00a0 Contratar un seguro de todo riesgo es lo m\u00e1s recomendable para estar <span class=\"more-link\"><a href=\"https:\/\/lcseguros.com.uy\/2015\/index.php\/seguros\/linea-personal\/soa\/auto\/\" rel=\"nofollow\">Read More<\/a><\/span><\/p>\n","protected":false},"author":1,"featured_media":0,"parent":404,"menu_order":0,"comment_status":"open","ping_status":"open","template":"","meta":{"wpupg_custom_link":[],"wpupg_custom_link_behaviour":[],"wpupg_custom_link_nofollow":[],"wpupg_custom_image":[],"wpupg_custom_image_id":[],"_exactmetrics_skip_tracking":false,"_exactmetrics_sitenote_active":false,"_exactmetrics_sitenote_note":"","_exactmetrics_sitenote_category":0,"footnotes":""},"class_list":{"0":"post-406","1":"page","2":"type-page","3":"status-publish","5":"entry"},"_links":{"self":[{"href":"https:\/\/lcseguros.com.uy\/2015\/index.php\/wp-json\/wp\/v2\/pages\/406","targetHints":{"allow":["GET"]}}],"collection":[{"href":"https:\/\/lcseguros.com.uy\/2015\/index.php\/wp-json\/wp\/v2\/pages"}],"about":[{"href":"https:\/\/lcseguros.com.uy\/2015\/index.php\/wp-json\/wp\/v2\/types\/page"}],"author":[{"embeddable":true,"href":"https:\/\/lcseguros.com.uy\/2015\/index.php\/wp-json\/wp\/v2\/users\/1"}],"replies":[{"embeddable":true,"href":"https:\/\/lcseguros.com.uy\/2015\/index.php\/wp-json\/wp\/v2\/comments?post=406"}],"version-history":[{"count":15,"href":"https:\/\/lcseguros.com.uy\/2015\/index.php\/wp-json\/wp\/v2\/pages\/406\/revisions"}],"predecessor-version":[{"id":1047,"href":"https:\/\/lcseguros.com.uy\/2015\/index.php\/wp-json\/wp\/v2\/pages\/406\/revisions\/1047"}],"up":[{"embeddable":true,"href":"https:\/\/lcseguros.com.uy\/2015\/index.php\/wp-json\/wp\/v2\/pages\/404"}],"wp:attachment":[{"href":"https:\/\/lcseguros.com.uy\/2015\/index.php\/wp-json\/wp\/v2\/media?parent=406"}],"curies":[{"name":"wp","href":"https:\/\/api.w.org\/{rel}","templated":true}]}}