{"id":665,"date":"2015-07-31T14:24:34","date_gmt":"2015-07-31T14:24:34","guid":{"rendered":"http:\/\/lcseguros.com.uy\/2015\/?page_id=665"},"modified":"2016-06-11T14:39:43","modified_gmt":"2016-06-11T14:39:43","slug":"seguro-de-viaje","status":"publish","type":"page","link":"https:\/\/lcseguros.com.uy\/2015\/index.php\/seguro-de-viaje\/","title":{"rendered":"Seguro de Viaje"},"content":{"rendered":"<h4><img loading=\"lazy\" decoding=\"async\" class=\"aligncenter size-full wp-image-554\" src=\"http:\/\/lcseguros.com.uy\/2015\/wp-content\/uploads\/2015\/05\/SILOQUO1.jpg\" alt=\"SILOQUO1\" width=\"960\" height=\"300\" srcset=\"https:\/\/lcseguros.com.uy\/2015\/wp-content\/uploads\/2015\/05\/SILOQUO1.jpg 960w, https:\/\/lcseguros.com.uy\/2015\/wp-content\/uploads\/2015\/05\/SILOQUO1-300x94.jpg 300w\" sizes=\"auto, (max-width: 960px) 100vw, 960px\" \/><\/h4>\n<h4>SEGURO DE VIAJE<\/h4>\n<p>Viajar es\u00a0sin\u00f3nimo de disfrutar. Conocer nuevos destinos, pasear, recorrer, descubrir\u00a0otras culturas, descansar y despreocuparse.<\/p>\n<p>Coberturas:<\/p>\n<ul>\n<li>Asistencia al viajero\u00a0TOTAL:\u00a0Dise\u00f1e su propio seguro y viaje tranquilo!<\/li>\n<li>Seguro de viaje por\u00a0ESTUDIOS:\u00a0Especialmente dise\u00f1ado para viajes de verano, formaci\u00f3n, idiomas<\/li>\n<li>Seguro de viaje AVENTURA:\u00a0\u00bfEsqu\u00ed, \u00bfSnowboard? Safari? \u00bfCu\u00e1l es tu aventura?<\/li>\n<li>Seguro de viaje CANCELACI\u00d3N:\u00a0Cubre los gastos de tener que cancelar un viaje ya contratado.<\/li>\n<\/ul>\n<hr \/>\n<div class=\"pbs-row\">\n<div class=\"pbs-col\">\n<p><span style=\"font-family: Helvetica;\"><br \/>\nViaj\u00e1, descubr\u00ed, recorr\u00e9, concentrate s\u00f3lo en disfrutar.\u00a0Viaj\u00e1 tranquilo.\u00a0<\/span><span style=\"font-family: Helvetica;\">Complet\u00e1 el formulario y te enviaremos la mejor cotizaci\u00f3n:<\/span><\/p>\n<p><span style=\"font-family: Helvetica;\">\u00a0<\/span><img loading=\"lazy\" decoding=\"async\" class=\"aligncenter size-full wp-image-493\" src=\"http:\/\/lcseguros.com.uy\/2015\/wp-content\/uploads\/2015\/05\/viajar.jpg\" alt=\"viajar\" width=\"403\" height=\"403\" srcset=\"https:\/\/lcseguros.com.uy\/2015\/wp-content\/uploads\/2015\/05\/viajar.jpg 403w, https:\/\/lcseguros.com.uy\/2015\/wp-content\/uploads\/2015\/05\/viajar-150x150.jpg 150w, https:\/\/lcseguros.com.uy\/2015\/wp-content\/uploads\/2015\/05\/viajar-300x300.jpg 300w\" sizes=\"auto, (max-width: 403px) 100vw, 403px\" \/><\/p>\n<\/div>\n<div class=\"pbs-col\">\n\n<div class=\"wpcf7 no-js\" id=\"wpcf7-f690-o1\" lang=\"es-ES\" dir=\"ltr\" data-wpcf7-id=\"690\">\n<div class=\"screen-reader-response\"><p role=\"status\" aria-live=\"polite\" aria-atomic=\"true\"><\/p> <ul><\/ul><\/div>\n<form action=\"\/2015\/index.php\/wp-json\/wp\/v2\/pages\/665#wpcf7-f690-o1\" method=\"post\" class=\"wpcf7-form init\" aria-label=\"Formulario de contacto\" novalidate=\"novalidate\" data-status=\"init\">\n<fieldset class=\"hidden-fields-container\"><input type=\"hidden\" name=\"_wpcf7\" value=\"690\" \/><input type=\"hidden\" name=\"_wpcf7_version\" value=\"6.1.6\" \/><input type=\"hidden\" name=\"_wpcf7_locale\" value=\"es_ES\" \/><input type=\"hidden\" name=\"_wpcf7_unit_tag\" value=\"wpcf7-f690-o1\" \/><input type=\"hidden\" name=\"_wpcf7_container_post\" value=\"0\" \/><input type=\"hidden\" name=\"_wpcf7_posted_data_hash\" value=\"\" \/>\n<\/fieldset>\n<p>Tu nombre (requerido)\n<\/p>\n<p><span class=\"wpcf7-form-control-wrap\" data-name=\"your-name\"><input size=\"40\" maxlength=\"400\" class=\"wpcf7-form-control wpcf7-text wpcf7-validates-as-required\" aria-required=\"true\" aria-invalid=\"false\" value=\"\" type=\"text\" name=\"your-name\" \/><\/span>\n<\/p>\n<p>Tu e-mail (requerido)\n<\/p>\n<p><span class=\"wpcf7-form-control-wrap\" data-name=\"your-email\"><input size=\"40\" maxlength=\"400\" class=\"wpcf7-form-control wpcf7-email wpcf7-validates-as-required wpcf7-text wpcf7-validates-as-email\" aria-required=\"true\" aria-invalid=\"false\" value=\"\" type=\"email\" name=\"your-email\" \/><\/span>\n<\/p>\n<p>Tel\u00e9fono de Contacto (requerido)\n<\/p>\n<p><span class=\"wpcf7-form-control-wrap\" data-name=\"Teldecontacto:\"><input size=\"40\" maxlength=\"400\" class=\"wpcf7-form-control wpcf7-tel wpcf7-text wpcf7-validates-as-tel\" aria-invalid=\"false\" value=\"\" type=\"tel\" name=\"Teldecontacto:\" \/><\/span>\n<\/p>\n<p>Tu destino (requerido)\n<\/p>\n<p><span class=\"wpcf7-form-control-wrap\" data-name=\"Destino\"><input size=\"40\" maxlength=\"400\" class=\"wpcf7-form-control wpcf7-text\" aria-invalid=\"false\" value=\"\" type=\"text\" name=\"Destino\" \/><\/span>\n<\/p>\n<p>Cantidad de personas que viajan (requerido)\n<\/p>\n<p><span class=\"wpcf7-form-control-wrap\" data-name=\"Cantidadpasajeros\"><input class=\"wpcf7-form-control wpcf7-number wpcf7-validates-as-number\" max=\"0\" aria-invalid=\"false\" value=\"\" type=\"number\" name=\"Cantidadpasajeros\" \/><\/span>\n<\/p>\n<p>Duraci\u00f3n del viaje (requerido)\n<\/p>\n<p><span class=\"wpcf7-form-control-wrap\" data-name=\"duracindelviaje\"><input size=\"40\" maxlength=\"400\" class=\"wpcf7-form-control wpcf7-text\" aria-invalid=\"false\" value=\"\" type=\"text\" name=\"duracindelviaje\" \/><\/span>\n<\/p>\n<p>Edad de los viajeros (requerido)\n<\/p>\n<p><span class=\"wpcf7-form-control-wrap\" data-name=\"Edaddelosviajeros\"><input size=\"40\" maxlength=\"400\" class=\"wpcf7-form-control wpcf7-text\" aria-invalid=\"false\" value=\"\" type=\"text\" name=\"Edaddelosviajeros\" \/><\/span>\n<\/p>\n<p><input class=\"wpcf7-form-control wpcf7-submit has-spinner\" type=\"submit\" value=\"Enviar\" \/>\n<\/p><p style=\"display: none !important;\" class=\"akismet-fields-container\" data-prefix=\"_wpcf7_ak_\"><label>&#916;<textarea name=\"_wpcf7_ak_hp_textarea\" cols=\"45\" rows=\"8\" maxlength=\"100\"><\/textarea><\/label><input type=\"hidden\" id=\"ak_js_1\" name=\"_wpcf7_ak_js\" value=\"87\"\/><script type=\"text\/javascript\">\n\/* <![CDATA[ *\/\ndocument.getElementById( \"ak_js_1\" ).setAttribute( \"value\", ( new Date() ).getTime() );\n\/* ]]> *\/\n<\/script>\n<\/p><div class=\"wpcf7-response-output\" aria-hidden=\"true\"><\/div>\n<\/form>\n<\/div>\n\n<p>&nbsp;<\/p>\n<\/div>\n<\/div>\n<p><script>\/\/ <![CDATA[\n(function(i,s,o,g,r,a,m){i['GoogleAnalyticsObject']=r;i[r]=i[r]||function(){ (i[r].q=i[r].q||[]).push(arguments)},i[r].l=1*new Date();a=s.createElement(o), m=s.getElementsByTagName(o)[0];a.async=1;a.src=g;m.parentNode.insertBefore(a,m) })(window,document,'script','\/\/www.google-analytics.com\/analytics.js','ga'); ga('create', 'UA-68290162-1', 'auto'); ga('send', 'pageview');\n\/\/ ]]><\/script><\/p>\n","protected":false},"excerpt":{"rendered":"<p>SEGURO DE VIAJE Viajar es\u00a0sin\u00f3nimo de disfrutar. Conocer nuevos destinos, pasear, recorrer, descubrir\u00a0otras culturas, descansar y despreocuparse. Coberturas: Asistencia al viajero\u00a0TOTAL:\u00a0Dise\u00f1e su propio seguro y viaje tranquilo! Seguro de viaje por\u00a0ESTUDIOS:\u00a0Especialmente dise\u00f1ado para viajes de verano, formaci\u00f3n, idiomas Seguro de viaje AVENTURA:\u00a0\u00bfEsqu\u00ed, \u00bfSnowboard? Safari? \u00bfCu\u00e1l es tu aventura? Seguro de viaje CANCELACI\u00d3N:\u00a0Cubre los gastos de <span class=\"more-link\"><a href=\"https:\/\/lcseguros.com.uy\/2015\/index.php\/seguro-de-viaje\/\" rel=\"nofollow\">Read More<\/a><\/span><\/p>\n","protected":false},"author":1,"featured_media":553,"parent":0,"menu_order":0,"comment_status":"open","ping_status":"open","template":"","meta":{"wpupg_custom_link":[],"wpupg_custom_link_behaviour":[],"wpupg_custom_link_nofollow":[],"wpupg_custom_image":[],"wpupg_custom_image_id":[],"_exactmetrics_skip_tracking":false,"_exactmetrics_sitenote_active":false,"_exactmetrics_sitenote_note":"","_exactmetrics_sitenote_category":0,"footnotes":""},"class_list":{"0":"post-665","1":"page","2":"type-page","3":"status-publish","4":"has-post-thumbnail","6":"entry"},"_links":{"self":[{"href":"https:\/\/lcseguros.com.uy\/2015\/index.php\/wp-json\/wp\/v2\/pages\/665","targetHints":{"allow":["GET"]}}],"collection":[{"href":"https:\/\/lcseguros.com.uy\/2015\/index.php\/wp-json\/wp\/v2\/pages"}],"about":[{"href":"https:\/\/lcseguros.com.uy\/2015\/index.php\/wp-json\/wp\/v2\/types\/page"}],"author":[{"embeddable":true,"href":"https:\/\/lcseguros.com.uy\/2015\/index.php\/wp-json\/wp\/v2\/users\/1"}],"replies":[{"embeddable":true,"href":"https:\/\/lcseguros.com.uy\/2015\/index.php\/wp-json\/wp\/v2\/comments?post=665"}],"version-history":[{"count":15,"href":"https:\/\/lcseguros.com.uy\/2015\/index.php\/wp-json\/wp\/v2\/pages\/665\/revisions"}],"predecessor-version":[{"id":1089,"href":"https:\/\/lcseguros.com.uy\/2015\/index.php\/wp-json\/wp\/v2\/pages\/665\/revisions\/1089"}],"wp:featuredmedia":[{"embeddable":true,"href":"https:\/\/lcseguros.com.uy\/2015\/index.php\/wp-json\/wp\/v2\/media\/553"}],"wp:attachment":[{"href":"https:\/\/lcseguros.com.uy\/2015\/index.php\/wp-json\/wp\/v2\/media?parent=665"}],"curies":[{"name":"wp","href":"https:\/\/api.w.org\/{rel}","templated":true}]}}