{"id":783,"date":"2015-08-24T14:39:02","date_gmt":"2015-08-24T14:39:02","guid":{"rendered":"http:\/\/lcseguros.com.uy\/2015\/?page_id=783"},"modified":"2016-06-11T15:37:27","modified_gmt":"2016-06-11T15:37:27","slug":"faq","status":"publish","type":"page","link":"https:\/\/lcseguros.com.uy\/2015\/index.php\/faq\/","title":{"rendered":"FAQ"},"content":{"rendered":"<div class=\"hrf-faq-list\"><h2 class=\"frq-main-title\"><span style=\"text-decoration: underline;\">El Corredor de Seguros<\/span><\/h2><article class=\"hrf-entry\" id=\"hrf-entry-763\">\n                      <h3 class=\"hrf-title close-faq\" data-content-id=\"hrf-content-763\"><span><\/span>\u00bfQu\u00e9 es un corredor de seguros?<\/h3>\n                     <div class=\"hrf-content\" id=\"hrf-content-763\"><p class=\"ui-sortable-handle\">Es el intermediario entre el asegurado y la compa\u00f1\u00eda de seguros. El Corredor es un conocedor de los riesgos, coberturas, regulaciones y necesidades de protecci\u00f3n de vida y bienes personales y comerciales. La existencia de una gran oferta de productos y planes de cobertura en el mercado hace sumamente necesario con la asesor\u00eda de un corredor debidamente certificado que nos ayude a tomar una decisi\u00f3n acertada.<\/p>\n<\/div>\n                  <\/article><article class=\"hrf-entry\" id=\"hrf-entry-764\">\n                      <h3 class=\"hrf-title close-faq\" data-content-id=\"hrf-content-764\"><span><\/span>\u00bfQu\u00e9 hace el corredor?<\/h3>\n                     <div class=\"hrf-content\" id=\"hrf-content-764\"><p class=\"ui-sortable-handle\">Informa sobre la identidad de las personas que contratan una cobertura, as\u00ed como sus antecedentes y solvencia moral y material, a requerimiento de las aseguradoras. Presenta tambi\u00e9n las condiciones en que se encuentra el riesgo en cuesti\u00f3n y obtiene para el asegurado la m\u00e1s adecuada cobertura a trav\u00e9s de un estudio particular de las ofertas del mercado para cada caso. Explica al asegurado las cl\u00e1usulas del contrato de seguros, asesorando sobre su interpretaci\u00f3n y extensi\u00f3n; y verifica que la p\u00f3liza contenga las estipulaciones y condiciones bajo las cuales el asegurado decidi\u00f3 cubrir su riesgo. Comunica a la compa\u00f1\u00eda de seguros cualquier modificaci\u00f3n del riesgo informada por el asegurado. Gestiona con su asegurado el pago oportuno de las primas a las que est\u00e1 obligado, en cumplimiento de lo dispuesto en el contrato de seguro. Asesora al asegurado durante toda la vigencia del contrato, especialmente cuando se trata de sus derechos, cargas y obligaciones. En este trabajo se sustenta el valor que el asegurado obtiene del Corredor cuando decide que sus intereses est\u00e9n protegidos contra la eventualidad de p\u00e9rdidas no deseadas. En caso de siniestro asiste al asegurado, cuidando en todo momento que se cumpla con el condicionado general, particular o especial del contrato de seguros suscrito. La intervenci\u00f3n del corredor posibilita una r\u00e1pida gesti\u00f3n del pago de la indemnizaci\u00f3n correspondiente.<\/p>\n<\/div>\n                  <\/article><\/div>\n<p>&nbsp;<\/p>\n<div class=\"hrf-faq-list\"><h2 class=\"frq-main-title\"><span style=\"text-decoration: underline;\">Seguros de Viajero<\/span><\/h2><article class=\"hrf-entry\" id=\"hrf-entry-765\">\n                      <h3 class=\"hrf-title close-faq\" data-content-id=\"hrf-content-765\"><span><\/span>\u00bfQu\u00e9 es el exceso?<\/h3>\n                     <div class=\"hrf-content\" id=\"hrf-content-765\"><p>El exceso es el monto que ten\u00e9s que pagar por encima de cualquier costo por el que reclam\u00e1s. Si tu siniestro es por U$S 250 y tu exceso es de U$S 50, la compa\u00f1\u00eda pagar\u00e1 U$S 200.<\/p>\n<\/div>\n                  <\/article><article class=\"hrf-entry\" id=\"hrf-entry-766\">\n                      <h3 class=\"hrf-title close-faq\" data-content-id=\"hrf-content-766\"><span><\/span>\u00bfEstas p\u00f3lizas cubren enfermedades pre-existentes al momento del viaje?<\/h3>\n                     <div class=\"hrf-content\" id=\"hrf-content-766\"><p class=\"ui-sortable-handle\">Si las enfermedades pre existentes no son declaradas no est\u00e1n cubiertas. Las condiciones preexistentes no est\u00e1n limitadas a enfermedades que ya est\u00e9n diagnosticadas, puede aplicar tambi\u00e9n a s\u00edntomas por los cuales consultaste a un m\u00e9dico antes de contratar el seguro, a pesar de que el problema no haya sido identificado.<\/p>\n<\/div>\n                  <\/article><article class=\"hrf-entry\" id=\"hrf-entry-767\">\n                      <h3 class=\"hrf-title close-faq\" data-content-id=\"hrf-content-767\"><span><\/span>\u00bfCubren deportes extremos?<\/h3>\n                     <div class=\"hrf-content\" id=\"hrf-content-767\"><p class=\"ui-sortable-handle\">Las p\u00f3lizas de viajero excluyen rutinariamente un n\u00famero de actividades deportivas que deb\u00e9schequear ya que tu idea de extremo puede ser diferente a la de la compa\u00f1\u00eda de seguros. Un claro ejemplo es el esqu\u00ed, incluso si sos un principiante, seguramente est\u00e9 excluido a menos que hayas solicitado que est\u00e9 cubierto.<\/p>\n<\/div>\n                  <\/article><\/div>\n<p>&nbsp;<\/p>\n<div class=\"hrf-faq-list\"><h2 class=\"frq-main-title\"><span style=\"text-decoration: underline;\">Seguros de Vida<\/span><\/h2><article class=\"hrf-entry\" id=\"hrf-entry-768\">\n                      <h3 class=\"hrf-title close-faq\" data-content-id=\"hrf-content-768\"><span><\/span>\u00bfPara qu\u00e9 sirve seguro de vida?<\/h3>\n                     <div class=\"hrf-content\" id=\"hrf-content-768\"><p class=\"ui-sortable-handle\">Los seguros tienen como principal objetivo retribuir al asegurado en caso de que una eventualidad ocurra. Dentro de los seguros de vida, existe una variada gama de opciones, entre estas, el seguro de vida con ahorro, en el cual se puede unir, como su nombre lo indica, la protecci\u00f3n y el ahorro. En este tipo de seguros el objetivo es asegurar el bienestar y la calidad de vida de quienes lo rodean, y al mismo tiempo acumular un capital para imprevistos o para cumplir con metas propuestas.<\/p>\n<\/div>\n                  <\/article><article class=\"hrf-entry\" id=\"hrf-entry-769\">\n                      <h3 class=\"hrf-title close-faq\" data-content-id=\"hrf-content-769\"><span><\/span>\u00bfEs posible ahorrar con un seguro de vida?<\/h3>\n                     <div class=\"hrf-content\" id=\"hrf-content-769\"><p class=\"ui-sortable-handle\">A trav\u00e9s de un seguro de vida tambi\u00e9n puedes ahorrar. La recomendaci\u00f3n es tener un producto al que destines un monto mayor al ahorro, combinado con una cobertura de bajo costo y una suma asegurada baja.<\/p>\n<\/div>\n                  <\/article><\/div>\n<p>&nbsp;<\/p>\n<div class=\"hrf-faq-list\"><h2 class=\"frq-main-title\"><span style=\"text-decoration: underline;\">Seguros para Peque\u00f1as y Medianas Empresas<\/span><\/h2><article class=\"hrf-entry\" id=\"hrf-entry-770\">\n                      <h3 class=\"hrf-title close-faq\" data-content-id=\"hrf-content-770\"><span><\/span>\u00bfPor qu\u00e9 contratar un seguro para su PYME?<\/h3>\n                     <div class=\"hrf-content\" id=\"hrf-content-770\"><p class=\"ui-sortable-handle\">Las propiedades (activos f\u00edsicos) conforman la mayor parte del capital de una empresa. Los da\u00f1os causados a estos bienes pueden ocasionar enormes p\u00e9rdidas econ\u00f3micas y financieras, especialmente para las empresas peque\u00f1as. Las peque\u00f1as y medianas empresas suelen estar limitadas por sus presupuestos, cualquier tipo de p\u00e9rdida inesperada puede significar el cese de su funcionamiento. Por este motivo, las inversiones en propiedades, contenidos y equipos deben estar protegidas contra los riesgos a los que est\u00e1n expuestas.<\/p>\n<\/div>\n                  <\/article><article class=\"hrf-entry\" id=\"hrf-entry-771\">\n                      <h3 class=\"hrf-title close-faq\" data-content-id=\"hrf-content-771\"><span><\/span>\u00bfEn qu\u00e9 consiste la cobertura contra da\u00f1os materiales?<\/h3>\n                     <div class=\"hrf-content\" id=\"hrf-content-771\"><p class=\"ui-sortable-handle\">Los seguros de da\u00f1os materiales, con coberturas de incendio, hurto, eventualidades de la naturaleza y todo riesgo, protegen a las empresas de siniestros que afectan a las instalaciones, contenido, mercader\u00edas y maquinarias. Al cobrar la correspondiente indemnizaci\u00f3n, el negocio puede retomar su actividad r\u00e1pidamente sin costos, minimizando las p\u00e9rdidas. Las PYMEs tambi\u00e9n pueden cubrir la p\u00e9rdida de ingresos debido a la interrupci\u00f3n del negocio.<\/p>\n<\/div>\n                  <\/article><\/div>\n<p>&nbsp;<\/p>\n<div class=\"hrf-faq-list\"><h2 class=\"frq-main-title\"><span style=\"text-decoration: underline;\">Seguros de Responsabilidad Civil<\/span><\/h2><article class=\"hrf-entry\" id=\"hrf-entry-772\">\n                      <h3 class=\"hrf-title close-faq\" data-content-id=\"hrf-content-772\"><span><\/span>\u00bfQu\u00e9 es y para qu\u00e9 sirve un seguro de Responsabilidad Civil?<\/h3>\n                     <div class=\"hrf-content\" id=\"hrf-content-772\"><p class=\"ui-sortable-handle\">El seguro de responsabilidad civil ofrece protecci\u00f3n al asegurado si un tercero le exige una indemnizaci\u00f3n por da\u00f1os a consecuencia de alg\u00fan accidente que le ocasione una lesi\u00f3n, la muerte (da\u00f1os personales), destrucci\u00f3n o deterioro de sus bienes (da\u00f1os materiales).<\/p>\n<\/div>\n                  <\/article><article class=\"hrf-entry\" id=\"hrf-entry-773\">\n                      <h3 class=\"hrf-title close-faq\" data-content-id=\"hrf-content-773\"><span><\/span>\u00bfQu\u00e9 cubre el seguro de Responsabilidad Civil?<\/h3>\n                     <div class=\"hrf-content\" id=\"hrf-content-773\"><p class=\"ui-sortable-handle\">Las dos coberturas b\u00e1sicas del seguro son:<br \/>\n1. Indemnizaci\u00f3n a terceros por da\u00f1os ocasionados: garantiza el pago de siniestros por reclamaciones presentadas.<br \/>\n2. Defensa jur\u00eddica: proporciona un abogado que atienda cualquier demanda que pudiera recibir, el pago de la fianza, etc.<\/p>\n<\/div>\n                  <\/article><article class=\"hrf-entry\" id=\"hrf-entry-774\">\n                      <h3 class=\"hrf-title close-faq\" data-content-id=\"hrf-content-774\"><span><\/span>\u00bfCu\u00e1ndo cubre el Seguro de Responsabilidad Civil?<\/h3>\n                     <div class=\"hrf-content\" id=\"hrf-content-774\"><p class=\"ui-sortable-handle\">Cuando un tercero presenta una demanda al asegurado. Este deber\u00e1 presentar la documentaci\u00f3n original a la compa\u00f1\u00eda correspondiente de forma inmediata.<\/p>\n<\/div>\n                  <\/article><\/div>\n<p>&nbsp;<\/p>\n<div class=\"hrf-faq-list\"><h2 class=\"frq-main-title\"><span style=\"text-decoration: underline;\">Seguro de Autom\u00f3viles<\/span><\/h2><article class=\"hrf-entry\" id=\"hrf-entry-775\">\n                      <h3 class=\"hrf-title close-faq\" data-content-id=\"hrf-content-775\"><span><\/span>\u00bfCu\u00e1l es la mejor cobertura para mi auto?<\/h3>\n                     <div class=\"hrf-content\" id=\"hrf-content-775\"><p class=\"ui-sortable-handle\">Esto depende de tu veh\u00edculo. Pod\u00e9s obtener una cobertura b\u00e1sica contra terceros; agregarle adicionales de Incendio o Hurto para su propio auto; o inclusive contratar una cobertura m\u00e1s amplia contra Todo Riesgo.<\/p>\n<\/div>\n                  <\/article><article class=\"hrf-entry\" id=\"hrf-entry-776\">\n                      <h3 class=\"hrf-title close-faq\" data-content-id=\"hrf-content-776\"><span><\/span>\u00bfAplicar\u00e1 la cobertura  en el MERCOSUR?<\/h3>\n                     <div class=\"hrf-content\" id=\"hrf-content-776\"><p class=\"ui-sortable-handle\">Todas las p\u00f3lizas de seguros de veh\u00edculos contratadas en nuestro pa\u00eds se extienden a cubrir dentro de los pa\u00edses integrantes del MERCOSUR, excepto la cobertura b\u00e1sica (1) del BSE y Porto de Seguros. Junto a la p\u00f3liza se emite un documento, llamado \u201cCarta Verde\u201d, que certifica la cobertura contratada.<\/p>\n<\/div>\n                  <\/article><\/div>\n<p>&nbsp;<\/p>\n<div class=\"hrf-faq-list\"><h2 class=\"frq-main-title\"><span style=\"text-decoration: underline;\">Seguro de Hogar<\/span><\/h2><article class=\"hrf-entry\" id=\"hrf-entry-777\">\n                      <h3 class=\"hrf-title close-faq\" data-content-id=\"hrf-content-777\"><span><\/span>\u00bfCu\u00e1l p\u00f3liza me conviene m\u00e1s para mi hogar?<\/h3>\n                     <div class=\"hrf-content\" id=\"hrf-content-777\"><p class=\"ui-sortable-handle\">Existe un producto para todas las necesidades, por esto es importante contar con toda la informaci\u00f3n posible para cotizar el seguro m\u00e1s acorde a tu situaci\u00f3n.<\/p>\n<\/div>\n                  <\/article><article class=\"hrf-entry\" id=\"hrf-entry-778\">\n                      <h3 class=\"hrf-title close-faq\" data-content-id=\"hrf-content-778\"><span><\/span>\u00bfPor qu\u00e9 existen productos tan diferentes para viviendas?<\/h3>\n                     <div class=\"hrf-content\" id=\"hrf-content-778\"><p class=\"ui-sortable-handle\">Las diferencias de precios m\u00e1s importantes suelen darse por las coberturas adicionales que contiene cada producto. Tambi\u00e9n puede influir el barrio o ciudad donde se ubica tu vivienda.<\/p>\n<\/div>\n                  <\/article><\/div>\n<p>&nbsp;<\/p>\n<div class=\"hrf-faq-list\"><h2 class=\"frq-main-title\"><span style=\"text-decoration: underline;\">Seguro de Accidentes Personales<\/span><\/h2><article class=\"hrf-entry\" id=\"hrf-entry-779\">\n                      <h3 class=\"hrf-title close-faq\" data-content-id=\"hrf-content-779\"><span><\/span>\u00bfQu\u00e9 se entiende por Accidente?<\/h3>\n                     <div class=\"hrf-content\" id=\"hrf-content-779\"><p class=\"ui-sortable-handle\">Toda lesi\u00f3n corporal sufrida por el asegurado independientemente de su voluntad, por la acci\u00f3n repentina y violenta de o con un agente externo.<\/p>\n<\/div>\n                  <\/article><article class=\"hrf-entry\" id=\"hrf-entry-780\">\n                      <h3 class=\"hrf-title close-faq\" data-content-id=\"hrf-content-780\"><span><\/span>\u00bfQu\u00e9 sucede si un accidente me produce una incapacidad severa?<\/h3>\n                     <div class=\"hrf-content\" id=\"hrf-content-780\"><p class=\"ui-sortable-handle\">Esta p\u00f3liza cubre p\u00e9rdidas f\u00edsicas parciales y la invalidez permanente a causa de un accidente. La indemnizaci\u00f3n parcial se fija en base a la tabla de aptitud, llegando al 100% de la suma asegurada si la invalidez es permanente.<\/p>\n<\/div>\n                  <\/article><article class=\"hrf-entry\" id=\"hrf-entry-781\">\n                      <h3 class=\"hrf-title close-faq\" data-content-id=\"hrf-content-781\"><span><\/span>\u00bfEl seguro de Accidentes Personales me cubre \u00fanicamente dentro de mi \u00e1mbito laboral?<\/h3>\n                     <div class=\"hrf-content\" id=\"hrf-content-781\"><p class=\"ui-sortable-handle\">No, la cobertura es durante las 24 hs del d\u00eda.<\/p>\n<\/div>\n                  <\/article><article class=\"hrf-entry\" id=\"hrf-entry-782\">\n                      <h3 class=\"hrf-title close-faq\" data-content-id=\"hrf-content-782\"><span><\/span>\u00bfCualquier persona es asegurable?<\/h3>\n                     <div class=\"hrf-content\" id=\"hrf-content-782\"><p class=\"ui-sortable-handle\">El seguro de accidentes personales no ampara a aquellas personas que, en raz\u00f3n de defectos f\u00edsicos o enfermedades graves o por las secuelas de las que hubiesen padecido, constituyan un riesgo de accidente agravado (ciegos, sordos, personas con movilidad reducida, etc.) Tampoco son asegurables los menores de 14 a\u00f1os.<\/p>\n<\/div>\n                  <\/article><\/div>\n","protected":false},"excerpt":{"rendered":"<p>&nbsp; &nbsp; &nbsp; &nbsp; &nbsp; &nbsp; &nbsp;<\/p>\n","protected":false},"author":1,"featured_media":0,"parent":0,"menu_order":0,"comment_status":"closed","ping_status":"closed","template":"","meta":{"wpupg_custom_link":[],"wpupg_custom_link_behaviour":[],"wpupg_custom_link_nofollow":[],"wpupg_custom_image":[],"wpupg_custom_image_id":[],"_exactmetrics_skip_tracking":false,"_exactmetrics_sitenote_active":false,"_exactmetrics_sitenote_note":"","_exactmetrics_sitenote_category":0,"footnotes":""},"class_list":{"0":"post-783","1":"page","2":"type-page","3":"status-publish","5":"entry"},"_links":{"self":[{"href":"https:\/\/lcseguros.com.uy\/2015\/index.php\/wp-json\/wp\/v2\/pages\/783","targetHints":{"allow":["GET"]}}],"collection":[{"href":"https:\/\/lcseguros.com.uy\/2015\/index.php\/wp-json\/wp\/v2\/pages"}],"about":[{"href":"https:\/\/lcseguros.com.uy\/2015\/index.php\/wp-json\/wp\/v2\/types\/page"}],"author":[{"embeddable":true,"href":"https:\/\/lcseguros.com.uy\/2015\/index.php\/wp-json\/wp\/v2\/users\/1"}],"replies":[{"embeddable":true,"href":"https:\/\/lcseguros.com.uy\/2015\/index.php\/wp-json\/wp\/v2\/comments?post=783"}],"version-history":[{"count":12,"href":"https:\/\/lcseguros.com.uy\/2015\/index.php\/wp-json\/wp\/v2\/pages\/783\/revisions"}],"predecessor-version":[{"id":1100,"href":"https:\/\/lcseguros.com.uy\/2015\/index.php\/wp-json\/wp\/v2\/pages\/783\/revisions\/1100"}],"wp:attachment":[{"href":"https:\/\/lcseguros.com.uy\/2015\/index.php\/wp-json\/wp\/v2\/media?parent=783"}],"curies":[{"name":"wp","href":"https:\/\/api.w.org\/{rel}","templated":true}]}}