{"id":971,"date":"2016-02-10T14:39:12","date_gmt":"2016-02-10T14:39:12","guid":{"rendered":"http:\/\/lcseguros.com.uy\/2015\/?page_id=971"},"modified":"2017-10-27T15:05:41","modified_gmt":"2017-10-27T15:05:41","slug":"siniestro","status":"publish","type":"page","link":"https:\/\/lcseguros.com.uy\/2015\/index.php\/siniestro\/","title":{"rendered":"SINIESTROS"},"content":{"rendered":"<h2>Autom\u00f3viles<br \/>\nDonde llamar en caso de siniestro<\/h2>\n<p><strong>SURA<\/strong> \/ T. 0800 8120<br \/>\n<strong>BSE<\/strong> \/ T.*1994<br \/>\n<strong>SAN CRISTOBAL<\/strong> \/ T. 0800 8831<br \/>\n<strong>PORTO SEGURO<\/strong> \/ T. 2487 86 16<br \/>\n<strong>BERKLEY SEGURO\u00a0<\/strong>\/ T. 0800 8545<br \/>\n<strong>MAPFRE\u00a0\/\u00a0<\/strong>T. 0800 7424<br \/>\n<strong>SANCOR<\/strong> \/ T. 0800 8500<br \/>\n<strong>MibiciOk<\/strong> \/ seguros@lcseguros.com.uy<\/p>\n<div id=\"panel-300-2-0-0\" class=\"so-panel widget widget_text panel-first-child\" data-index=\"12\">\n<div class=\"panel-widget-style panel-widget-style-for-300-2-0-0\">\n<h2 class=\"widget-title\">\u00bfQu\u00e9 hago si me roban la bicicleta?<\/h2>\n<div class=\"textwidget\">\u00a01. Si se trata de un hurto con violencia y hay heridos, lo primero es contactar a una emergencia m\u00e9dica.<\/div>\n<\/div>\n<\/div>\n<div id=\"panel-300-2-0-1\" class=\"so-panel widget widget_text panel-last-child\" data-index=\"13\">\n<div class=\"panel-widget-style panel-widget-style-for-300-2-0-1\">\n<div class=\"textwidget\">\n<p>2. Si se trata de un robo por violaci\u00f3n de seguridad (candado roto, cadena cortada, etc). tomar el elemento y sacar foto en el lugar.<\/p>\n<p>3. De forma inmediata se debe realizar la denuncia policial.<\/p>\n<p>4. Enviar un mail\u00a0<u>de inmediato<\/u>\u00a0a seguros@lcseguros.com.uy con el siguiente detalle:<br \/>\na) relato detallado de lo sucedido.<br \/>\nb) foto o scan de la denuncia policial.<br \/>\nc) factura de la bicicleta, foto o n\u00famero del cuadro.<\/p>\n<p>4) EXCLUSIONES<br \/>\nEn el presente seguro no se encuentran cubiertos los accesorios de la bici.<br \/>\nPor ejemplo: Ciclocomputadoras, Luces, Parrilla, Espejos, Etc. <\/p>\n<p>Con esta informaci\u00f3n, LC seguros realizar\u00e1 la gesti\u00f3n con la Compa\u00f1\u00eda aseguradora SURA.<\/p>\n<p>Cualquier consulta, puedes escribirnos a seguros@lcseguros.com.uy o comunicarte<br \/>\n(+598)26016124 o al 094 197201<\/p>\n<\/div>\n<\/div>\n<\/div>\n<h2>\u00bfQu\u00e9 hacer en caso de un SINIESTRO de Veh\u00edculo?<\/h2>\n<h3>Asista a los heridos<\/h3>\n<p>En caso de haber heridos, asistalos inmediatamente y llame a la polic\u00eda al tel\u00e9fono de emergencia: 911<\/p>\n<h3>Denuncie el Siniestro<\/h3>\n<p>Llame enseguida al Servicio de Asistencia de su Compa\u00f1\u00eda de Seguros para coordinar la denuncia del siniestro y solicitar asistencia mec\u00e1nica.<\/p>\n<h3>Prepare la documentaci\u00f3n<\/h3>\n<p>Mientras espera al Servicio de Asistencia, prepare la documentaci\u00f3n correspondiente:<br \/>\nsu documento, libreta de conducir, libreta de propiedad del veh\u00edculo.<\/p>\n<h3>Intercambie datos<\/h3>\n<p>Mantenga la calma e intercambie datos con el conductor del otro veh\u00edculo; Nombre, Documento, Domicilio, Tel\u00e9fono, Datos del veh\u00edculo, Compa\u00f1\u00eda aseguradora, Nombre del titular del seguro.<\/p>\n<h2>TAMBI\u00c9N TE RECOMENDAMOS:<\/h2>\n<p><img loading=\"lazy\" decoding=\"async\" src=\"http:\/\/lcseguros.com.uy\/2015\/wp-content\/uploads\/2016\/02\/car-assitance.jpg\" sizes=\"auto, (max-width: 768px) 100vw, 768px\" srcset=\"http:\/\/lcseguros.com.uy\/2015\/wp-content\/uploads\/2016\/02\/car-assitance.jpg 768w, http:\/\/lcseguros.com.uy\/2015\/wp-content\/uploads\/2016\/02\/car-assitance-300x195.jpg 300w\" alt=\"\" width=\"768\" height=\"500\" \/><\/p>\n<ul>\n<li>Si hay m\u00e1s de un veh\u00edculo involucrado, releve la informaci\u00f3n de cada uno de ellos.<\/li>\n<li>No haga arreglos o acepte responsabilidad alguna ante terceros. Para tener la cobertura de Responsabilidad Civil, el asegurado o conductor no debe asumir responsabilidad con el tercero afectado, ni efectuar transacciones o acuerdos sin el conocimiento y consentimiento de la compa\u00f1\u00eda aseguradora.<\/li>\n<li>Consiga datos de los testigos presenciales: Nombre, Documento, Domicilio, Tel\u00e9fono.<\/li>\n<li>Si la circulaci\u00f3n no queda obstruida, recomendamos no mover el veh\u00edculo hasta que la compa\u00f1\u00eda de seguros lo habilite o hasta que haya tomado conocimiento del hecho la autoridad competente. Tomar las medidas de se\u00f1alizaci\u00f3n adecuadas.<\/li>\n<\/ul>\n<h3><\/h3>\n","protected":false},"excerpt":{"rendered":"<p>Autom\u00f3viles Donde llamar en caso de siniestro SURA \/ T. 0800 8120 BSE \/ T.*1994 SAN CRISTOBAL \/ T. 0800 8831 PORTO SEGURO \/ T. 2487 86 16 BERKLEY SEGURO\u00a0\/ T. 0800 8545 MAPFRE\u00a0\/\u00a0T. 0800 7424 SANCOR \/ T. 0800 8500 MibiciOk \/ seguros@lcseguros.com.uy \u00bfQu\u00e9 hago si me roban la bicicleta? \u00a01. Si se trata <span class=\"more-link\"><a href=\"https:\/\/lcseguros.com.uy\/2015\/index.php\/siniestro\/\" rel=\"nofollow\">Read More<\/a><\/span><\/p>\n","protected":false},"author":1,"featured_media":0,"parent":0,"menu_order":0,"comment_status":"closed","ping_status":"closed","template":"","meta":{"wpupg_custom_link":[],"wpupg_custom_link_behaviour":["default"],"wpupg_custom_link_nofollow":[],"wpupg_custom_image":[],"wpupg_custom_image_id":[],"_exactmetrics_skip_tracking":false,"_exactmetrics_sitenote_active":false,"_exactmetrics_sitenote_note":"","_exactmetrics_sitenote_category":0,"footnotes":""},"class_list":{"0":"post-971","1":"page","2":"type-page","3":"status-publish","5":"entry"},"_links":{"self":[{"href":"https:\/\/lcseguros.com.uy\/2015\/index.php\/wp-json\/wp\/v2\/pages\/971","targetHints":{"allow":["GET"]}}],"collection":[{"href":"https:\/\/lcseguros.com.uy\/2015\/index.php\/wp-json\/wp\/v2\/pages"}],"about":[{"href":"https:\/\/lcseguros.com.uy\/2015\/index.php\/wp-json\/wp\/v2\/types\/page"}],"author":[{"embeddable":true,"href":"https:\/\/lcseguros.com.uy\/2015\/index.php\/wp-json\/wp\/v2\/users\/1"}],"replies":[{"embeddable":true,"href":"https:\/\/lcseguros.com.uy\/2015\/index.php\/wp-json\/wp\/v2\/comments?post=971"}],"version-history":[{"count":41,"href":"https:\/\/lcseguros.com.uy\/2015\/index.php\/wp-json\/wp\/v2\/pages\/971\/revisions"}],"predecessor-version":[{"id":1361,"href":"https:\/\/lcseguros.com.uy\/2015\/index.php\/wp-json\/wp\/v2\/pages\/971\/revisions\/1361"}],"wp:attachment":[{"href":"https:\/\/lcseguros.com.uy\/2015\/index.php\/wp-json\/wp\/v2\/media?parent=971"}],"curies":[{"name":"wp","href":"https:\/\/api.w.org\/{rel}","templated":true}]}}